{"id":388,"date":"2015-10-15T14:50:55","date_gmt":"2015-10-15T14:50:55","guid":{"rendered":"http:\/\/wpoffice\/construction\/?page_id=9"},"modified":"2018-10-23T23:04:22","modified_gmt":"2018-10-23T21:04:22","slug":"home","status":"publish","type":"page","link":"https:\/\/bhexpertise.com\/","title":{"rendered":"Accueil"},"content":{"rendered":"<\/div><\/div><\/div><!-- close content main div --><\/div><\/div><div id='full_slider_1' class='avia-fullwidth-slider main_color avia-shadow  container_wrap sidebar_right'   ><div  data-size='featured_large'  data-lightbox_size='large'  data-animation='fade'  data-ids='81,84,79,78,436,443'  data-video_counter='0'  data-autoplay='true'  data-bg_slider='false'  data-slide_height=''  data-handle='av_slideshow_full'  data-interval='7'  data-class=' '  data-css_id=''  data-scroll_down=''  data-control_layout='av-control-minimal'  data-custom_markup=''  data-perma_caption=''  data-autoplay_stopper=''  data-image_attachment=''  data-min_height='0px'  data-src=''  data-position='top left'  data-repeat='no-repeat'  data-attach='scroll'  data-stretch=''  data-default-height='42'  class='avia-slideshow avia-slideshow-1  av-control-minimal av-default-height-applied avia-slideshow-featured_large av_slideshow_full   avia-fade-slider '  itemscope=\"itemscope\" itemtype=\"https:\/\/schema.org\/ImageObject\" ><ul class='avia-slideshow-inner' style='padding-bottom: 42%;'><li  class=' slide-1 ' ><div data-rel='slideshow-1' class='avia-slide-wrap'  ><div class = \"caption_fullwidth av-slideshow-caption caption_right caption_right_framed caption_framed\"><div class = \"container caption_container\"><div class = \"slideshow_caption\"><div class = \"slideshow_inner_caption\"><div class = \"slideshow_align_caption\"><h2  style='color:#ffffff; ' class='avia-caption-title'  itemprop=\"name\" >PERTE D\u2019EXPLOITATION<\/h2><div class='avia-caption-content av_inherit_color'  itemprop=\"description\"   style='color:#ffffff; '><p>BH Expretise vous d\u00e9fend pour pr\u00e9server vos inter\u00eats<\/p>\n<\/div><a href='http:\/\/bhexpertise.com\/index.php\/service\/'  class='avia-slideshow-button avia-button avia-color-light avia-multi-slideshow-button' data-duration='800' data-easing='easeInOutQuad'>En savoir+<\/a><a href='http:\/\/bhexpertise.com\/index.php\/contact\/'  class='avia-slideshow-button avia-button avia-color-theme-color avia-multi-slideshow-button avia-slideshow-button-2' data-duration='800' data-easing='easeInOutQuad'>Contactez-nous<\/a><\/div><\/div><\/div><\/div><\/div><img src='https:\/\/bhexpertise.com\/wp-content\/uploads\/2018\/10\/slide-9a-1500x630.jpg' width='1500' height='630' title='slide 9a' alt=''  itemprop=\"contentURL\"   \/><div class='av-section-color-overlay' style='opacity: 0.2; background-color: #000000; '><\/div><\/div><\/li><li  class=' slide-2 ' ><div data-rel='slideshow-1' class='avia-slide-wrap'  ><div class = \"caption_fullwidth av-slideshow-caption caption_right caption_right_framed caption_framed\"><div class = \"container caption_container\"><div class = \"slideshow_caption\"><div class = \"slideshow_inner_caption\"><div class = \"slideshow_align_caption\"><h2  style='color:#ffffff; ' class='avia-caption-title'  itemprop=\"name\" >DEGAT DES EAUX<\/h2><div class='avia-caption-content av_inherit_color'  itemprop=\"description\"   style='color:#ffffff; '><p>BH Expertise est \u00e0 vos cot\u00e9s<br \/>\nau devant de votre assureur.<\/p>\n<\/div><a href='http:\/\/bhexpertise.com\/index.php\/service\/'  target=\"_blank\"  class='avia-slideshow-button avia-button avia-color-dark avia-multi-slideshow-button' data-duration='800' data-easing='easeInOutQuad'>En savoir +<\/a><a href='http:\/\/bhexpertise.com\/index.php\/contact\/'  class='avia-slideshow-button avia-button avia-color-theme-color avia-multi-slideshow-button avia-slideshow-button-2' data-duration='800' data-easing='easeInOutQuad'>Contactez-nous<\/a><\/div><\/div><\/div><\/div><\/div><img src='https:\/\/bhexpertise.com\/wp-content\/uploads\/2018\/10\/slide3a-1500x556.jpg' width='1500' height='556' title='slide3a' alt=''  itemprop=\"contentURL\"   \/><\/div><\/li><li  class=' slide-3 ' ><div data-rel='slideshow-1' class='avia-slide-wrap'  ><div class = \"caption_fullwidth av-slideshow-caption caption_left\"><div class = \"container caption_container\"><div class = \"slideshow_caption\"><div class = \"slideshow_inner_caption\"><div class = \"slideshow_align_caption\"><h2  class='avia-caption-title'  itemprop=\"name\" >INCENDIE<\/h2><div class='avia-caption-content '  itemprop=\"description\"  ><p>BH Expertise<br \/>\nPour un remoursement JUSTE<br \/>\nde vos valeurs<\/p>\n<\/div><a href='http:\/\/bhexpertise.com\/index.php\/service\/'  class='avia-slideshow-button avia-button avia-color-light avia-multi-slideshow-button' data-duration='800' data-easing='easeInOutQuad'>En savoir+<\/a><a href='http:\/\/bhexpertise.com\/index.php\/contact\/'  class='avia-slideshow-button avia-button avia-color-theme-color avia-multi-slideshow-button avia-slideshow-button-2' data-duration='800' data-easing='easeInOutQuad'>Contactez-nous<\/a><\/div><\/div><\/div><\/div><\/div><img src='https:\/\/bhexpertise.com\/wp-content\/uploads\/2018\/10\/slide-7-q-1500x630.jpg' width='1500' height='630' title='slide 7 q' alt=''  itemprop=\"contentURL\"   \/><div class='av-section-color-overlay' style='opacity: 0.5; background-color: #000000; '><\/div><\/div><\/li><li  class=' slide-4 ' ><div data-rel='slideshow-1' class='avia-slide-wrap'  ><div class = \"caption_fullwidth av-slideshow-caption caption_left caption_left_framed caption_framed\"><div class = \"container caption_container\"><div class = \"slideshow_caption\"><div class = \"slideshow_inner_caption\"><div class = \"slideshow_align_caption\"><h2  class='avia-caption-title'  itemprop=\"name\" >VOL<\/h2><div class='avia-caption-content '  itemprop=\"description\"  ><p>Pourquoi un expert d&rsquo;assur\u00e9 ?<\/p>\n<\/div><a href='http:\/\/bhexpertise.com\/index.php\/service\/'  class='avia-slideshow-button avia-button avia-color-light avia-multi-slideshow-button' data-duration='800' data-easing='easeInOutQuad'>En savoir+<\/a><a href='http:\/\/bhexpertise.com\/index.php\/contact\/'  class='avia-slideshow-button avia-button avia-color-theme-color avia-multi-slideshow-button avia-slideshow-button-2' data-duration='800' data-easing='easeInOutQuad'>Contactez-nous<\/a><\/div><\/div><\/div><\/div><\/div><img src='https:\/\/bhexpertise.com\/wp-content\/uploads\/2018\/10\/Slide-6a-1500x470.jpg' width='1500' height='470' title='Slide 6a' alt=''  itemprop=\"contentURL\"   \/><div class='av-section-color-overlay' style='opacity: 0.5; background-color: #000000; '><\/div><\/div><\/li><li  class=' slide-5 ' ><div data-rel='slideshow-1' class='avia-slide-wrap'  ><div class = \"caption_fullwidth av-slideshow-caption caption_left caption_left_framed caption_framed\"><div class = \"container caption_container\"><div class = \"slideshow_caption\"><div class = \"slideshow_inner_caption\"><div class = \"slideshow_align_caption\"><h2  class='avia-caption-title'  itemprop=\"name\" >CATASTROPHE NATURELLE<\/h2><div class='avia-caption-content '  itemprop=\"description\"  ><p>BH Expertise,<br \/>\nparce que rien n&rsquo;est pr\u00e9visible<\/p>\n<\/div><a href='https:\/\/bhexpertise.com\/index.php\/service\/'  class='avia-slideshow-button avia-button avia-color-light avia-multi-slideshow-button' data-duration='800' data-easing='easeInOutQuad'>En savoir+<\/a><a href='https:\/\/bhexpertise.com\/index.php\/contact\/'  class='avia-slideshow-button avia-button avia-color-theme-color avia-multi-slideshow-button avia-slideshow-button-2' data-duration='800' data-easing='easeInOutQuad'>Contactez-nous<\/a><\/div><\/div><\/div><\/div><\/div><img src='https:\/\/bhexpertise.com\/wp-content\/uploads\/2018\/10\/contreexpertise.jpg' width='1500' height='630' title='contreexpertise' alt=''  itemprop=\"contentURL\"   \/><div class='av-section-color-overlay' style='opacity: 0.5; background-color: #000000; '><\/div><\/div><\/li><li  class=' slide-6 ' ><div data-rel='slideshow-1' class='avia-slide-wrap'  ><div class = \"caption_fullwidth av-slideshow-caption caption_left\"><div class = \"container caption_container\"><div class = \"slideshow_caption\"><div class = \"slideshow_inner_caption\"><div class = \"slideshow_align_caption\"><h2  style='font-size:60px; ' class='avia-caption-title'  itemprop=\"name\" >Expert d\u2019assur\u00e9<\/h2><div class='avia-caption-content av_inherit_color'  itemprop=\"description\"   style='font-size:51px; '><p>ET NON EXPERT D&rsquo;ASSURANCE<\/p>\n<\/div><a href='http:\/\/bhexpertise.com\/index.php\/service\/'  class='avia-slideshow-button avia-button avia-color-light avia-multi-slideshow-button' data-duration='800' data-easing='easeInOutQuad'>En savoir+<\/a><a href='http:\/\/bhexpertise.com\/index.php\/contact\/'  class='avia-slideshow-button avia-button avia-color-theme-color avia-multi-slideshow-button avia-slideshow-button-2' data-duration='800' data-easing='easeInOutQuad'>Contactez-nous<\/a><\/div><\/div><\/div><\/div><\/div><img src='https:\/\/bhexpertise.com\/wp-content\/uploads\/2018\/10\/expertdassure44-2.jpg' width='1500' height='630' title='expertd&#039;assure44' alt=''  itemprop=\"contentURL\"   \/><div class='av-section-color-overlay' style='opacity: 0.5; background-color: #000000; '><\/div><\/div><\/li><\/ul><div class='avia-slideshow-arrows avia-slideshow-controls'><a href='#prev' class='prev-slide' aria-hidden='true' data-av_icon='\ue87c' data-av_iconfont='entypo-fontello'>Pr\u00e9c\u00e9dent<\/a><a href='#next' class='next-slide' aria-hidden='true' data-av_icon='\ue87d' data-av_iconfont='entypo-fontello'>Suivant<\/a><\/div><div class='avia-slideshow-dots avia-slideshow-controls'><a href='#1' class='goto-slide active' >1<\/a><a href='#2' class='goto-slide ' >2<\/a><a href='#3' class='goto-slide ' >3<\/a><a href='#4' class='goto-slide ' >4<\/a><a href='#5' class='goto-slide ' >5<\/a><a href='#6' class='goto-slide ' >6<\/a><\/div><\/div><\/div>\n<div class=\"flex_column av_one_full  flex_column_div av-zero-column-padding first  \" style='border-radius:0px; '><section class=\"av_textblock_section\"  itemscope=\"itemscope\" itemtype=\"https:\/\/schema.org\/CreativeWork\" ><div class='avia_textblock  av_inherit_color'  style='color:#e00047; '  itemprop=\"text\" ><h1><strong>Pourquoi un expert d\u2019assur\u00e9 ?<\/strong><\/h1>\n<\/div><\/section><\/div>\n<section class=\"av_textblock_section\"  itemscope=\"itemscope\" itemtype=\"https:\/\/schema.org\/CreativeWork\" ><div class='avia_textblock  av_inherit_color'  style='color:#000000; '  itemprop=\"text\" ><h3>\u2026 car vous n\u2019\u00eates pas tenus par l\u2019expertise de votre assurance.<\/h3>\n<h3>Vous \u00eates en droit de contester les conclusions de l\u2019expert mandat\u00e9 par votre assureur si vous vous estimez l\u00e9s\u00e9s par les conclusions de celui-ci.<\/h3>\n<\/div><\/section>\n<section class=\"av_textblock_section\"  itemscope=\"itemscope\" itemtype=\"https:\/\/schema.org\/CreativeWork\" ><div class='avia_textblock '   itemprop=\"text\" ><h3>Vous avez donc le droit de solliciter l\u2019avis d\u2019un expert d\u2019assur\u00e9s ind\u00e9pendant, qui viendra r\u00e9aliser une contre-expertise.<br \/>\nC\u2019est l\u00e0 que nous intervenons.<\/h3>\n<\/div><\/section>\n","protected":false},"excerpt":{"rendered":"","protected":false},"author":1,"featured_media":0,"parent":0,"menu_order":0,"comment_status":"closed","ping_status":"closed","template":"","meta":{"footnotes":""},"_links":{"self":[{"href":"https:\/\/bhexpertise.com\/index.php\/wp-json\/wp\/v2\/pages\/388"}],"collection":[{"href":"https:\/\/bhexpertise.com\/index.php\/wp-json\/wp\/v2\/pages"}],"about":[{"href":"https:\/\/bhexpertise.com\/index.php\/wp-json\/wp\/v2\/types\/page"}],"author":[{"embeddable":true,"href":"https:\/\/bhexpertise.com\/index.php\/wp-json\/wp\/v2\/users\/1"}],"replies":[{"embeddable":true,"href":"https:\/\/bhexpertise.com\/index.php\/wp-json\/wp\/v2\/comments?post=388"}],"version-history":[{"count":38,"href":"https:\/\/bhexpertise.com\/index.php\/wp-json\/wp\/v2\/pages\/388\/revisions"}],"predecessor-version":[{"id":506,"href":"https:\/\/bhexpertise.com\/index.php\/wp-json\/wp\/v2\/pages\/388\/revisions\/506"}],"wp:attachment":[{"href":"https:\/\/bhexpertise.com\/index.php\/wp-json\/wp\/v2\/media?parent=388"}],"curies":[{"name":"wp","href":"https:\/\/api.w.org\/{rel}","templated":true}]}}