{"id":395,"date":"2015-10-22T14:34:37","date_gmt":"2015-10-22T14:34:37","guid":{"rendered":"http:\/\/test.kriesi.at\/construction\/?page_id=113"},"modified":"2018-10-25T10:38:00","modified_gmt":"2018-10-25T08:38:00","slug":"architecture","status":"publish","type":"page","link":"https:\/\/bhexpertise.com\/index.php\/service\/architecture\/","title":{"rendered":"Notre Role"},"content":{"rendered":"<div  data-size='featured_large'  data-lightbox_size='large'  data-animation='fade'  data-ids='83,87,100'  data-video_counter='0'  data-autoplay='true'  data-bg_slider='false'  data-slide_height=''  data-handle='av_slideshow'  data-interval='5'  data-class=''  data-css_id=''  data-scroll_down=''  data-control_layout='av-control-hidden'  data-custom_markup=''  data-perma_caption=''  data-autoplay_stopper=''  data-image_attachment=''  data-min_height='0px'  data-default-height='42'  class='avia-slideshow avia-slideshow-1  av-control-hidden av-default-height-applied avia-slideshow-featured_large av_slideshow  avia-fade-slider '  itemscope=\"itemscope\" itemtype=\"https:\/\/schema.org\/ImageObject\" ><ul class='avia-slideshow-inner' style='padding-bottom: 31.333333333333%;'><li  class=' slide-1 ' ><div data-rel='slideshow-1' class='avia-slide-wrap'  ><img src='https:\/\/bhexpertise.com\/wp-content\/uploads\/2018\/10\/Slide2a-1500x470.jpg' width='1500' height='470' title='Slide2a' alt=''  itemprop=\"contentURL\"   \/><\/div><\/li><li  class=' slide-2 ' ><div data-rel='slideshow-1' class='avia-slide-wrap'  ><img src='https:\/\/bhexpertise.com\/wp-content\/uploads\/2018\/10\/Slidecontactsans-logo-1500x470.jpg' width='1500' height='470' title='Slidecontactsans logo' alt=''  itemprop=\"contentURL\"   \/><\/div><\/li><\/ul><div class='avia-slideshow-arrows avia-slideshow-controls'><a href='#prev' class='prev-slide' aria-hidden='true' data-av_icon='\ue87c' data-av_iconfont='entypo-fontello'>Pr\u00e9c\u00e9dent<\/a><a href='#next' class='next-slide' aria-hidden='true' data-av_icon='\ue87d' data-av_iconfont='entypo-fontello'>Suivant<\/a><\/div><div class='avia-slideshow-dots avia-slideshow-controls'><a href='#1' class='goto-slide active' >1<\/a><a href='#2' class='goto-slide ' >2<\/a><\/div><\/div>\n<div class=\"flex_column av_one_full  av-animated-generic bottom-to-top  flex_column_div av-zero-column-padding first  \" style='margin-top:0px; margin-bottom:0px; border-radius:0px; '><p><div style='padding-bottom:0px;' class='av-special-heading av-special-heading-h2  blockquote modern-quote '><h2 class='av-special-heading-tag'  itemprop=\"headline\"  >Dans 95 % des cas, l\u2019assur\u00e9 victime d\u2019un sinistre n\u2019est pas rembours\u00e9 int\u00e9gralement de son pr\u00e9judice.<\/h2><div class='special-heading-border'><div class='special-heading-inner-border' ><\/div><\/div><\/div><br \/>\n<div style=' margin-top:10px; margin-bottom:10px;'  class='hr hr-custom hr-left hr-icon-no '><span class='hr-inner   inner-border-av-border-fat' style=' width:50px; border-color:#efbb20;' ><span class='hr-inner-style'><\/span><\/span><\/div><\/p><\/div>\n<div class=\"flex_column av_one_half  av-animated-generic bottom-to-top  flex_column_div av-zero-column-padding first  \" style='margin-top:0px; margin-bottom:0px; border-radius:0px; '><section class=\"av_textblock_section\"  itemscope=\"itemscope\" itemtype=\"https:\/\/schema.org\/CreativeWork\" ><div class='avia_textblock '   itemprop=\"text\" ><p>Pour contrer le poids de son expertise, qui peut parfois \u00eatre totalement arbitraire, nous intervenons afin de r\u00e9tablir une \u00e9galit\u00e9 entre deux parties \u00e0 priori in\u00e9gales.<\/p>\n<p>En tant qu\u2019expert d\u2019assur\u00e9,<br \/>\nnotre vocation n\u2019est pas de vous obtenir des sommes indues, mais bien de vous assurer le remboursement le plus juste possible, afin que votre sinistre puisse \u00eatre r\u00e9gl\u00e9 dans les meilleurs conditions.<\/p>\n<\/div><\/section><\/div>\n<div class=\"flex_column av_one_half  av-animated-generic bottom-to-top  flex_column_div av-zero-column-padding   \" style='margin-top:0px; margin-bottom:0px; border-radius:0px; '><section class=\"av_textblock_section\"  itemscope=\"itemscope\" itemtype=\"https:\/\/schema.org\/CreativeWork\" ><div class='avia_textblock '   itemprop=\"text\" ><p>Une expertise d\u2019assurance<br \/>\ndifficilement impartiale :<br \/>\nEtant l\u2019\u00e9valuateur et le payeur, l\u2019assurance aura une tendance naturelle \u00e0 minimiser cette indemnisation. C\u2019est pourquoi , vous \u00eates en droit de faire appel \u00e0 une contre-expertise d\u00e9g\u00e2t des eaux, men\u00e9e cette fois ci par un expert d\u2019assur\u00e9, votre expert, BH expertise.<\/p>\n<\/div><\/section><\/div><div class=\"flex_column av_one_half  av-animated-generic bottom-to-top  flex_column_div av-zero-column-padding first  \" style='border-radius:0px; '><p><div style='padding-bottom:0px;' class='av-special-heading av-special-heading-h2  blockquote modern-quote '><h2 class='av-special-heading-tag'  itemprop=\"headline\"  >Que du bien pour vous<\/h2><div class='special-heading-border'><div class='special-heading-inner-border' ><\/div><\/div><\/div><br \/>\n<div style=' margin-top:10px; margin-bottom:10px;'  class='hr hr-custom hr-left hr-icon-no '><span class='hr-inner   inner-border-av-border-fat' style=' width:50px; border-color:#efbb20;' ><span class='hr-inner-style'><\/span><\/span><\/div><br \/>\n<section class=\"av_textblock_section\"  itemscope=\"itemscope\" itemtype=\"https:\/\/schema.org\/CreativeWork\" ><div class='avia_textblock '   itemprop=\"text\" ><p>Pour contre-expertiser le rapport de votre assurance, nous intervenons afin de r\u00e9tablir une \u00e9galit\u00e9 entre deux parties \u00e0 priori in\u00e9gales en vous assurant le remboursement le plus juste possible. BH expertise est sp\u00e9cialis\u00e9 dans l\u2019\u00e9valuation des d\u00e9g\u00e2ts pour vous offrir l\u2019analyse la plus compl\u00e8te de votre perte.<\/p>\n<\/div><\/section><\/p><\/div><\/p>\n<div class=\"flex_column av_one_half  av-animated-generic bottom-to-top  flex_column_div av-zero-column-padding   \" style='border-radius:0px; '><div class='avia-image-container  av-styling-no-styling   avia-align-center '  itemscope=\"itemscope\" itemtype=\"https:\/\/schema.org\/ImageObject\"  ><div class='avia-image-container-inner'><img class='avia_image ' src='https:\/\/bhexpertise.com\/wp-content\/uploads\/2018\/10\/slide-7-q-845x684.jpg' alt='' title='slide 7 q'   itemprop=\"contentURL\"  \/><\/div><\/div><\/div>\n<div class=\"flex_column av_one_full  av-animated-generic bottom-to-top  flex_column_div first  \" style='border-width:1px; border-color:#e1e1e1; border-style:solid; padding:20px; background-color:#fcfcfc; border-radius:0px; '><section class=\"av_textblock_section\"  itemscope=\"itemscope\" itemtype=\"https:\/\/schema.org\/CreativeWork\" ><div class='avia_textblock '   itemprop=\"text\" ><p>Le cabinet BH EXPERTISE vous apporte une \u00e9coute et un suivi rigoureux de votre dossier jusqu\u2019\u00e0 r\u00e9ception compl\u00e8te de vos indemnit\u00e9s.<\/p>\n<\/div><\/section><\/div>\n","protected":false},"excerpt":{"rendered":"","protected":false},"author":1,"featured_media":83,"parent":389,"menu_order":0,"comment_status":"closed","ping_status":"closed","template":"","meta":{"footnotes":""},"_links":{"self":[{"href":"https:\/\/bhexpertise.com\/index.php\/wp-json\/wp\/v2\/pages\/395"}],"collection":[{"href":"https:\/\/bhexpertise.com\/index.php\/wp-json\/wp\/v2\/pages"}],"about":[{"href":"https:\/\/bhexpertise.com\/index.php\/wp-json\/wp\/v2\/types\/page"}],"author":[{"embeddable":true,"href":"https:\/\/bhexpertise.com\/index.php\/wp-json\/wp\/v2\/users\/1"}],"replies":[{"embeddable":true,"href":"https:\/\/bhexpertise.com\/index.php\/wp-json\/wp\/v2\/comments?post=395"}],"version-history":[{"count":3,"href":"https:\/\/bhexpertise.com\/index.php\/wp-json\/wp\/v2\/pages\/395\/revisions"}],"predecessor-version":[{"id":508,"href":"https:\/\/bhexpertise.com\/index.php\/wp-json\/wp\/v2\/pages\/395\/revisions\/508"}],"up":[{"embeddable":true,"href":"https:\/\/bhexpertise.com\/index.php\/wp-json\/wp\/v2\/pages\/389"}],"wp:featuredmedia":[{"embeddable":true,"href":"https:\/\/bhexpertise.com\/index.php\/wp-json\/wp\/v2\/media\/83"}],"wp:attachment":[{"href":"https:\/\/bhexpertise.com\/index.php\/wp-json\/wp\/v2\/media?parent=395"}],"curies":[{"name":"wp","href":"https:\/\/api.w.org\/{rel}","templated":true}]}}